{"id":1261,"date":"2024-11-18T22:13:30","date_gmt":"2024-11-18T22:13:30","guid":{"rendered":"https:\/\/myflashguy.com\/madelynblair.com\/?page_id=1261"},"modified":"2026-03-18T15:36:08","modified_gmt":"2026-03-18T15:36:08","slug":"mb-keynote-speaker","status":"publish","type":"page","link":"https:\/\/myflashguy.com\/madelynblair.com\/mb-keynote-speaker\/","title":{"rendered":"MB Keynote Speaker"},"content":{"rendered":"\t\t<div data-elementor-type=\"wp-page\" data-elementor-id=\"1261\" class=\"elementor elementor-1261\">\n\t\t\t\t<div class=\"elementor-element elementor-element-9c4f74c e-con-full e-flex e-con e-parent\" data-id=\"9c4f74c\" data-element_type=\"container\" data-e-type=\"container\">\n\t\t<div class=\"elementor-element elementor-element-5e5c260 e-flex e-con-boxed e-con e-child\" data-id=\"5e5c260\" data-element_type=\"container\" data-e-type=\"container\">\n\t\t\t\t\t<div class=\"e-con-inner\">\n\t\t\t\t<div class=\"elementor-element elementor-element-ec72e89 elementor-widget elementor-widget-image\" data-id=\"ec72e89\" data-element_type=\"widget\" data-e-type=\"widget\" data-widget_type=\"image.default\">\n\t\t\t\t<div class=\"elementor-widget-container\">\n\t\t\t\t\t\t\t\t\t\t\t\t\t\t\t<img fetchpriority=\"high\" decoding=\"async\" width=\"600\" height=\"88\" src=\"https:\/\/myflashguy.com\/madelynblair.com\/wp-content\/uploads\/2025\/12\/942956cf-956d-47c7-a0f4-78f32b5d2402.png\" class=\"attachment-large size-large wp-image-3150\" alt=\"\" srcset=\"https:\/\/myflashguy.com\/madelynblair.com\/wp-content\/uploads\/2025\/12\/942956cf-956d-47c7-a0f4-78f32b5d2402.png 600w, https:\/\/myflashguy.com\/madelynblair.com\/wp-content\/uploads\/2025\/12\/942956cf-956d-47c7-a0f4-78f32b5d2402-300x44.png 300w\" sizes=\"(max-width: 600px) 100vw, 600px\" \/>\t\t\t\t\t\t\t\t\t\t\t\t\t\t\t<\/div>\n\t\t\t\t<\/div>\n\t\t\t\t\t<\/div>\n\t\t\t\t<\/div>\n\t\t\t\t<\/div>\n\t\t<div class=\"elementor-element elementor-element-3a6f3a6 e-con-full e-flex e-con e-parent\" data-id=\"3a6f3a6\" data-element_type=\"container\" data-e-type=\"container\" data-settings=\"{&quot;background_background&quot;:&quot;classic&quot;}\">\n\t\t<div class=\"elementor-element elementor-element-30ccfb6 e-con-full e-flex e-con e-child\" data-id=\"30ccfb6\" data-element_type=\"container\" data-e-type=\"container\" data-settings=\"{&quot;background_background&quot;:&quot;classic&quot;}\">\n\t\t\t\t<div class=\"elementor-element elementor-element-495a1a2 elementor-widget elementor-widget-text-editor\" data-id=\"495a1a2\" data-element_type=\"widget\" data-e-type=\"widget\" data-widget_type=\"text-editor.default\">\n\t\t\t\t<div class=\"elementor-widget-container\">\n\t\t\t\t\t\t\t\t\t<h2 style=\"color: #fff;\">&#8220;She is the voice of new possibilities.&#8221;<\/h2><p>If you&#8217;re looking for someone who is both highly professional and who also touches the heart of the audience,<\/p><p><strong>Dr. Madelyn Blair is the clear choice.<\/strong><\/p><p>She works with you to both meet your needs and take the audience on a journey rich with possibility. Drawing on decades of experience, she brings superb storytelling and keen focus to uplift and inspire any audience.<\/p>\t\t\t\t\t\t\t\t<\/div>\n\t\t\t\t<\/div>\n\t\t\t\t<\/div>\n\t\t<div class=\"elementor-element elementor-element-61ea23d e-con-full e-flex e-con e-child\" data-id=\"61ea23d\" data-element_type=\"container\" data-e-type=\"container\">\n\t\t\t\t<div class=\"elementor-element elementor-element-58bcc83 elementor-widget elementor-widget-video\" data-id=\"58bcc83\" data-element_type=\"widget\" data-e-type=\"widget\" data-settings=\"{&quot;video_type&quot;:&quot;hosted&quot;,&quot;controls&quot;:&quot;yes&quot;}\" data-widget_type=\"video.default\">\n\t\t\t\t<div class=\"elementor-widget-container\">\n\t\t\t\t\t\t\t<div class=\"e-hosted-video elementor-wrapper elementor-open-inline\">\n\t\t\t\t\t<video class=\"elementor-video\" src=\"https:\/\/myflashguy.com\/madelynblair.com\/wp-content\/uploads\/2024\/10\/Speaker-ATT-Edited.mp4\" controls=\"\" preload=\"metadata\" controlsList=\"nodownload\" poster=\"https:\/\/myflashguy.com\/madelynblair.com\/wp-content\/uploads\/2025\/03\/ATT-speech2.png\"><\/video>\n\t\t\t\t<\/div>\n\t\t\t\t\t\t<\/div>\n\t\t\t\t<\/div>\n\t\t\t\t<\/div>\n\t\t\t\t<\/div>\n\t\t<div class=\"elementor-element elementor-element-feec97b e-con-full e-flex e-con e-parent\" data-id=\"feec97b\" data-element_type=\"container\" data-e-type=\"container\">\n\t\t<div class=\"elementor-element elementor-element-46d974e e-flex e-con-boxed e-con e-child\" data-id=\"46d974e\" data-element_type=\"container\" data-e-type=\"container\">\n\t\t\t\t\t<div class=\"e-con-inner\">\n\t\t\t\t<div class=\"elementor-element elementor-element-41fe3db elementor-widget elementor-widget-text-editor\" data-id=\"41fe3db\" data-element_type=\"widget\" data-e-type=\"widget\" data-widget_type=\"text-editor.default\">\n\t\t\t\t<div class=\"elementor-widget-container\">\n\t\t\t\t\t\t\t\t\t<p>With so much complexity and change around, sometimes you need someone who can help you lift your gaze. You need the power of stories and examples to inspire people to think more innovatively.<\/p><h4><em>You need someone who both embodies and radiates the message she shares.\u00a0<\/em><\/h4><p>Madelyn can unlock the resilient leader inside you who\u00a0has been waiting to\u00a0step forward and take you into the future you&#8217;ve been dreaming about.<\/p><p><strong>Isn&#8217;t it time to engage in a new way?\u00a0<\/strong><\/p>\t\t\t\t\t\t\t\t<\/div>\n\t\t\t\t<\/div>\n\t\t\t\t<div class=\"elementor-element elementor-element-b16890c elementor-widget elementor-widget-text-editor\" data-id=\"b16890c\" data-element_type=\"widget\" data-e-type=\"widget\" data-widget_type=\"text-editor.default\">\n\t\t\t\t<div class=\"elementor-widget-container\">\n\t\t\t\t\t\t\t\t\t<p>\u00a0Madelyn can unlock the resilient leader inside you who\u00a0has been waiting to\u00a0step forward and take you into the future you&#8217;ve been dreaming about.<\/p><p>\u00a0Work with Madelyn to create the foundations for a new level of success:<\/p><ul class=\"bullet-check\"><li>Prepare\u00a0for executive leadership<\/li><li>Create solid strategies to lead your team with clarity and strength<\/li><li>Work through issues impeding your growth and advancement\u00a0<\/li><li>Have a trusted mentor and partner by your side<\/li><li>Create your action plan for success<\/li><\/ul>\t\t\t\t\t\t\t\t<\/div>\n\t\t\t\t<\/div>\n\t\t\t\t<div class=\"elementor-element elementor-element-cd0ea68 elementor-widget elementor-widget-button\" data-id=\"cd0ea68\" data-element_type=\"widget\" data-e-type=\"widget\" data-widget_type=\"button.default\">\n\t\t\t\t<div class=\"elementor-widget-container\">\n\t\t\t\t\t\t\t\t\t<div class=\"elementor-button-wrapper\">\n\t\t\t\t\t<a class=\"elementor-button elementor-button-link elementor-size-sm\" href=\"https:\/\/myflashguy.com\/madelynblair.com\/wp-content\/uploads\/2025\/03\/One-Pager-031325.pdf\">\n\t\t\t\t\t\t<span class=\"elementor-button-content-wrapper\">\n\t\t\t\t\t\t\t\t\t<span class=\"elementor-button-text\">download Madelyn's One Sheet<\/span>\n\t\t\t\t\t<\/span>\n\t\t\t\t\t<\/a>\n\t\t\t\t<\/div>\n\t\t\t\t\t\t\t\t<\/div>\n\t\t\t\t<\/div>\n\t\t\t\t\t<\/div>\n\t\t\t\t<\/div>\n\t\t\t\t<\/div>\n\t\t<div class=\"elementor-element elementor-element-39e7306 e-con-full e-flex e-con e-parent\" data-id=\"39e7306\" data-element_type=\"container\" data-e-type=\"container\">\n\t\t\t\t<div class=\"elementor-element elementor-element-ac3bfca elementor-widget elementor-widget-image\" data-id=\"ac3bfca\" data-element_type=\"widget\" data-e-type=\"widget\" data-widget_type=\"image.default\">\n\t\t\t\t<div class=\"elementor-widget-container\">\n\t\t\t\t\t\t\t\t\t\t\t\t\t\t\t<img decoding=\"async\" width=\"800\" height=\"277\" src=\"https:\/\/myflashguy.com\/madelynblair.com\/wp-content\/uploads\/2024\/11\/c05d5f6-56fc-bf24-7d5a-e115c0f87c57_Audience_at_AT_T_Listen-1024x354.jpeg\" class=\"attachment-large size-large wp-image-1268\" alt=\"\" srcset=\"https:\/\/myflashguy.com\/madelynblair.com\/wp-content\/uploads\/2024\/11\/c05d5f6-56fc-bf24-7d5a-e115c0f87c57_Audience_at_AT_T_Listen-1024x354.jpeg 1024w, https:\/\/myflashguy.com\/madelynblair.com\/wp-content\/uploads\/2024\/11\/c05d5f6-56fc-bf24-7d5a-e115c0f87c57_Audience_at_AT_T_Listen-300x104.jpeg 300w, https:\/\/myflashguy.com\/madelynblair.com\/wp-content\/uploads\/2024\/11\/c05d5f6-56fc-bf24-7d5a-e115c0f87c57_Audience_at_AT_T_Listen-768x265.jpeg 768w, https:\/\/myflashguy.com\/madelynblair.com\/wp-content\/uploads\/2024\/11\/c05d5f6-56fc-bf24-7d5a-e115c0f87c57_Audience_at_AT_T_Listen-1536x530.jpeg 1536w, https:\/\/myflashguy.com\/madelynblair.com\/wp-content\/uploads\/2024\/11\/c05d5f6-56fc-bf24-7d5a-e115c0f87c57_Audience_at_AT_T_Listen-2048x707.jpeg 2048w\" sizes=\"(max-width: 800px) 100vw, 800px\" \/>\t\t\t\t\t\t\t\t\t\t\t\t\t\t\t<\/div>\n\t\t\t\t<\/div>\n\t\t\t\t<\/div>\n\t\t<div class=\"elementor-element elementor-element-0703d3c e-con-full e-flex e-con e-parent\" data-id=\"0703d3c\" data-element_type=\"container\" data-e-type=\"container\">\n\t\t<div class=\"elementor-element elementor-element-bfc11f5 e-con-full e-flex e-con e-child\" data-id=\"bfc11f5\" data-element_type=\"container\" data-e-type=\"container\">\n\t\t\t\t<div class=\"elementor-element elementor-element-1cd1d6d elementor-widget elementor-widget-text-editor\" data-id=\"1cd1d6d\" data-element_type=\"widget\" data-e-type=\"widget\" data-widget_type=\"text-editor.default\">\n\t\t\t\t<div class=\"elementor-widget-container\">\n\t\t\t\t\t\t\t\t\t<p><em><img decoding=\"async\" class=\"alignnone wp-image-3089\" src=\"https:\/\/myflashguy.com\/madelynblair.com\/wp-content\/uploads\/2025\/12\/572315e-87ea-5b76-86f2-7586fffd_cc12d1fc-98e7-4f7e-ad75-88db-Edited.png\" alt=\"\" width=\"29\" height=\"27\" \/><\/em><\/p><p><em>&#8220;Madelyn is compelling and engaging. Speaker is too general a term for her presence. She is a masterful storyteller who captures focus and generates learning on collaboration, team work, leadership, and resilience.&#8221;<\/em><\/p><h5><span style=\"color: #008080;\">&#8211;\u00a0Ed Hoffman, ceo, knowledge strategies and faculty, columbia university<\/span><\/h5>\t\t\t\t\t\t\t\t<\/div>\n\t\t\t\t<\/div>\n\t\t\t\t<\/div>\n\t\t<div class=\"elementor-element elementor-element-ca873f7 e-con-full e-flex e-con e-child\" data-id=\"ca873f7\" data-element_type=\"container\" data-e-type=\"container\">\n\t\t\t\t<div class=\"elementor-element elementor-element-00f92ea elementor-widget elementor-widget-text-editor\" data-id=\"00f92ea\" data-element_type=\"widget\" data-e-type=\"widget\" data-widget_type=\"text-editor.default\">\n\t\t\t\t<div class=\"elementor-widget-container\">\n\t\t\t\t\t\t\t\t\t<p><em><img decoding=\"async\" class=\"alignnone wp-image-3089\" src=\"https:\/\/myflashguy.com\/madelynblair.com\/wp-content\/uploads\/2025\/12\/572315e-87ea-5b76-86f2-7586fffd_cc12d1fc-98e7-4f7e-ad75-88db-Edited.png\" alt=\"\" width=\"29\" height=\"27\" \/><\/em><\/p><p><em>&#8220;I would describe Dr. Blair as one who has passion in what she does, and she enjoys seeing the impact she can bring to many people.&#8221;<\/em><\/p><h5><span style=\"color: #008080;\">&#8211; Director, at&amp;t public sector solutions\u00a0<\/span><\/h5>\t\t\t\t\t\t\t\t<\/div>\n\t\t\t\t<\/div>\n\t\t\t\t<\/div>\n\t\t<div class=\"elementor-element elementor-element-749a82c e-con-full e-flex e-con e-child\" data-id=\"749a82c\" data-element_type=\"container\" data-e-type=\"container\">\n\t\t\t\t<div class=\"elementor-element elementor-element-43c80e3 elementor-widget elementor-widget-text-editor\" data-id=\"43c80e3\" data-element_type=\"widget\" data-e-type=\"widget\" data-widget_type=\"text-editor.default\">\n\t\t\t\t<div class=\"elementor-widget-container\">\n\t\t\t\t\t\t\t\t\t<p><em><img decoding=\"async\" class=\"alignnone wp-image-3089\" src=\"https:\/\/myflashguy.com\/madelynblair.com\/wp-content\/uploads\/2025\/12\/572315e-87ea-5b76-86f2-7586fffd_cc12d1fc-98e7-4f7e-ad75-88db-Edited.png\" alt=\"\" width=\"29\" height=\"27\" \/><\/em><\/p><p><em>&#8220;Due to her authenticity, her balance between great theoretical background and long-term professional experience, Madelyn reaches out to her audience with great impact. You remember her points and are enabled to adapt them into your daily and professional life.&#8221;\u00a0<\/em><\/p><h5><span style=\"color: #008080;\">&#8211;\u00a0R\u00fcdiger S\u00fcss, Senior Strategy Analyst, Deutsches Zentrum f\u00fcr Luft und Raumfahrt (DLR)<\/span><\/h5>\t\t\t\t\t\t\t\t<\/div>\n\t\t\t\t<\/div>\n\t\t\t\t<\/div>\n\t\t\t\t<\/div>\n\t\t\t\t<\/div>\n\t\t","protected":false},"excerpt":{"rendered":"<p>&#8220;She is the voice of new possibilities.&#8221; If you&#8217;re looking for someone who is both highly professional and who also touches the heart of the audience, Dr. Madelyn Blair is the clear choice. She works with you to both meet your needs and take the audience on a journey rich with possibility. Drawing on decades [&hellip;]<\/p>\n","protected":false},"author":1,"featured_media":0,"parent":0,"menu_order":0,"comment_status":"closed","ping_status":"closed","template":"","meta":{"_wp_convertkit_post_meta":{"form":"-1","landing_page":"0","tag":"0","restrict_content":"0"},"footnotes":""},"class_list":["post-1261","page","type-page","status-publish","hentry"],"_links":{"self":[{"href":"https:\/\/myflashguy.com\/madelynblair.com\/wp-json\/wp\/v2\/pages\/1261","targetHints":{"allow":["GET"]}}],"collection":[{"href":"https:\/\/myflashguy.com\/madelynblair.com\/wp-json\/wp\/v2\/pages"}],"about":[{"href":"https:\/\/myflashguy.com\/madelynblair.com\/wp-json\/wp\/v2\/types\/page"}],"author":[{"embeddable":true,"href":"https:\/\/myflashguy.com\/madelynblair.com\/wp-json\/wp\/v2\/users\/1"}],"replies":[{"embeddable":true,"href":"https:\/\/myflashguy.com\/madelynblair.com\/wp-json\/wp\/v2\/comments?post=1261"}],"version-history":[{"count":0,"href":"https:\/\/myflashguy.com\/madelynblair.com\/wp-json\/wp\/v2\/pages\/1261\/revisions"}],"wp:attachment":[{"href":"https:\/\/myflashguy.com\/madelynblair.com\/wp-json\/wp\/v2\/media?parent=1261"}],"curies":[{"name":"wp","href":"https:\/\/api.w.org\/{rel}","templated":true}]}}